{"id":25,"date":"2024-04-30T15:33:44","date_gmt":"2024-04-30T15:33:44","guid":{"rendered":"https:\/\/fr.bedbugfoundation.org\/?page_id=25"},"modified":"2024-05-01T09:45:21","modified_gmt":"2024-05-01T09:45:21","slug":"welcome-to-the-bed-bug-foundation","status":"publish","type":"page","link":"https:\/\/fr.bedbugfoundation.org\/","title":{"rendered":"Bienvenue \u00e0 la Fondation Punaises de Lit !"},"content":{"rendered":"\n<p>La Bed Bug Foundation CIC est une organisation ind\u00e9pendante \u00e0 but non lucratif qui recueille des fonds pour financer des projets de recherche.&nbsp;<strong><em>sensibilisation aux punaises de lit<\/em>&nbsp;<\/strong>par le biais de&nbsp;<strong><em>communication<\/em><\/strong>&nbsp;et&nbsp;<strong><em>\u00e9ducation<\/em><\/strong>. Nous fournissons des informations et des conseils aux propri\u00e9taires de maisons et aux entreprises, afin de les aider \u00e0 lutter contre la stigmatisation et le co\u00fbt financier et \u00e9motionnel que peuvent entra\u00eener les punaises de lit.<\/p>\n\n\n\n<p>Bed Bug Foundation fait \u00e9galement office d&rsquo;organisme de certification pour l&rsquo;industrie de la d\u00e9tection olfactive des punaises de lit en Europe. Si vous souhaitez faire appel aux services d&rsquo;un chien de d\u00e9tection de l&rsquo;odeur de punaise de lit, veuillez&nbsp;<a href=\"https:\/\/bbf-k9.org\/\">cliquez ici<\/a>&nbsp;pour trouver les \u00e9quipes op\u00e9rant dans votre r\u00e9gion.<\/p>\n\n\n\n<p>Si vous avez trouv\u00e9 un sp\u00e9cimen et que vous souhaitez que nous y jetions un coup d&rsquo;\u0153il, veuillez utiliser notre service gratuit de recherche de sp\u00e9cimens.&nbsp;<a href=\"https:\/\/www.bedbugfoundation.org\/fr\/specimen-identification-service\/\">service d&rsquo;identification des sp\u00e9cimens<\/a>.<\/p>\n\n\n<div class=\"wp-block-image is-style-rounded\">\n<figure class=\"aligncenter size-full is-resized\"><a href=\"https:\/\/www.bedbugfoundation.org\/\"><img loading=\"lazy\" decoding=\"async\" width=\"512\" height=\"512\" src=\"https:\/\/fr.bedbugfoundation.org\/wp-content\/uploads\/2024\/04\/cropped-cropped-BBF-SQUARE-LOGO-1-e1618408073390.webp\" alt=\"\" class=\"wp-image-8\" style=\"width:231px;height:auto\" srcset=\"https:\/\/fr.bedbugfoundation.org\/wp-content\/uploads\/2024\/04\/cropped-cropped-BBF-SQUARE-LOGO-1-e1618408073390.webp 512w, https:\/\/fr.bedbugfoundation.org\/wp-content\/uploads\/2024\/04\/cropped-cropped-BBF-SQUARE-LOGO-1-e1618408073390-300x300.webp 300w, https:\/\/fr.bedbugfoundation.org\/wp-content\/uploads\/2024\/04\/cropped-cropped-BBF-SQUARE-LOGO-1-e1618408073390-150x150.webp 150w, https:\/\/fr.bedbugfoundation.org\/wp-content\/uploads\/2024\/04\/cropped-cropped-BBF-SQUARE-LOGO-1-e1618408073390-270x270.webp 270w, https:\/\/fr.bedbugfoundation.org\/wp-content\/uploads\/2024\/04\/cropped-cropped-BBF-SQUARE-LOGO-1-e1618408073390-192x192.webp 192w, https:\/\/fr.bedbugfoundation.org\/wp-content\/uploads\/2024\/04\/cropped-cropped-BBF-SQUARE-LOGO-1-e1618408073390-180x180.webp 180w, https:\/\/fr.bedbugfoundation.org\/wp-content\/uploads\/2024\/04\/cropped-cropped-BBF-SQUARE-LOGO-1-e1618408073390-32x32.webp 32w\" sizes=\"auto, (max-width: 512px) 100vw, 512px\" \/><\/a><\/figure>\n<\/div>\n\n\n<p class=\"has-text-align-center\"><a href=\"https:\/\/www.bedbugfoundation.org\/\">Bed Bug Foundation Site<\/a><\/p>\n\n\n\n<p><\/p>\n","protected":false},"excerpt":{"rendered":"<p>La Bed Bug Foundation CIC est une organisation ind\u00e9pendante \u00e0 but non lucratif qui recueille des fonds pour financer des projets de recherche.&nbsp;sensibilisation aux punaises de lit&nbsp;par le biais de&nbsp;communication&nbsp;et&nbsp;\u00e9ducation. Nous fournissons des informations et des conseils aux propri\u00e9taires de &hellip; <a href=\"https:\/\/fr.bedbugfoundation.org\/\">Continuer la lecture <span class=\"meta-nav\">&rarr;<\/span><\/a><\/p>\n","protected":false},"author":1,"featured_media":0,"parent":0,"menu_order":0,"comment_status":"closed","ping_status":"closed","template":"","meta":{"footnotes":""},"class_list":["post-25","page","type-page","status-publish","hentry"],"_links":{"self":[{"href":"https:\/\/fr.bedbugfoundation.org\/index.php?rest_route=\/wp\/v2\/pages\/25","targetHints":{"allow":["GET"]}}],"collection":[{"href":"https:\/\/fr.bedbugfoundation.org\/index.php?rest_route=\/wp\/v2\/pages"}],"about":[{"href":"https:\/\/fr.bedbugfoundation.org\/index.php?rest_route=\/wp\/v2\/types\/page"}],"author":[{"embeddable":true,"href":"https:\/\/fr.bedbugfoundation.org\/index.php?rest_route=\/wp\/v2\/users\/1"}],"replies":[{"embeddable":true,"href":"https:\/\/fr.bedbugfoundation.org\/index.php?rest_route=%2Fwp%2Fv2%2Fcomments&post=25"}],"version-history":[{"count":10,"href":"https:\/\/fr.bedbugfoundation.org\/index.php?rest_route=\/wp\/v2\/pages\/25\/revisions"}],"predecessor-version":[{"id":65,"href":"https:\/\/fr.bedbugfoundation.org\/index.php?rest_route=\/wp\/v2\/pages\/25\/revisions\/65"}],"wp:attachment":[{"href":"https:\/\/fr.bedbugfoundation.org\/index.php?rest_route=%2Fwp%2Fv2%2Fmedia&parent=25"}],"curies":[{"name":"wp","href":"https:\/\/api.w.org\/{rel}","templated":true}]}}